{"id":46,"date":"2019-02-17T13:02:05","date_gmt":"2019-02-17T12:02:05","guid":{"rendered":"http:\/\/sokolhorepnik.cz\/?page_id=46"},"modified":"2024-01-31T15:55:30","modified_gmt":"2024-01-31T13:55:30","slug":"ubytovani","status":"publish","type":"page","link":"https:\/\/sokolhorepnik.cz\/index.php\/ubytovani\/","title":{"rendered":"Ubytov\u00e1n\u00ed"},"content":{"rendered":"\n<p>Nab\u00edz\u00edme\n v\u0161em z\u00e1jemc\u016fm celoro\u010dn\u00ed ubytov\u00e1n\u00ed na Vyso\u010din\u011b ve dvou \u010dty\u0159l\u016f\u017ekov\u00fdch \napartm\u00e1nech v rekonstruovan\u00e9m sportovn\u00edm objektu. Ka\u017ed\u00fd apartm\u00e1n se \nskl\u00e1d\u00e1 ze dvou dvoul\u016f\u017ekov\u00fdch pokoj\u016f: na jednom z nich je kuchy\u0148sk\u00fd kout \n(mikrovlnka, rychlovarn\u00e1 konvice, ledni\u010dka, dvouva\u0159i\u010d, b\u011b\u017en\u00e9 n\u00e1dob\u00ed). \nSou\u010d\u00e1st\u00ed ka\u017ed\u00e9ho apartm\u00e1nu je soci\u00e1ln\u00ed za\u0159\u00edzen\u00ed (WC a sprcha). Na obou \napartm\u00e1nech je TV.<\/p>\n\n\n\n<p>V  p\u0159\u00edzem\u00ed je dvoul\u016f\u017ekov\u00fd pokoj s mal\u00fdm kuchy\u0148sk\u00fdm koutem, ledni\u010dkou,  mikrovlnkou a TV. K tomuto pokoji je soci\u00e1ln\u00ed za\u0159\u00edzen\u00ed na chodb\u011b v  p\u0159\u00edzem\u00ed.<br><br>Sou\u010d\u00e1st\u00ed v\u0161ech pokoj\u016f je mo\u017enost k p\u0159ipojen\u00ed k internetu WIFI. <\/p>\n\n\n\n<p>Na jednu noc V\u00e1m tak\u00e9 umo\u017en\u00edme p\u0159esp\u00e1n\u00ed ve vlastn\u00edm stanu ve sportovn\u00edm are\u00e1lu. K dispozici budete m\u00edt toalety a po dohod\u011b i sprchy.<\/p>\n\n\n\n<p>Mo\u017enost  vyu\u017eit\u00ed h\u0159i\u0161t\u011b na nohejbal, volejbal a travnat\u00e9ho fotbalov\u00e9ho h\u0159i\u0161t\u011b.  Tenis, ko\u0161\u00edkovou i dal\u0161\u00ed sporty si m\u016f\u017eete zahr\u00e1t na v\u00edce\u00fa\u010delov\u00e9m  h\u0159i\u0161ti s um\u011bl\u00fdm povrchem. V  are\u00e1lu je i d\u011btsk\u00e9 h\u0159i\u0161t\u011b.<\/p>\n\n\n\n<p>Host\u016fm umo\u017en\u00edme parkov\u00e1n\u00ed p\u0159\u00edmo a are\u00e1lu.<br><\/p>\n\n\n\n<p>Kontakt:<\/p>\n\n\n\n<p>Marie Jel\u00ednkov\u00e1: 607 745 630<\/p>\n\n\n\n<p><strong>CEN\u00cdK<br><\/strong>Cen\u00edk  ubytov\u00e1n\u00ed: <\/p>\n\n\n\n<figure class=\"wp-block-table\"><table><tbody><tr><td>Ubytov\u00e1n\u00ed<\/td><td>Ubytov\u00e1n\u00ed na jednu noc<\/td><td>Ubytov\u00e1n\u00ed na dv\u011b a v\u00edce noc\u00ed<\/td><\/tr><tr><td>Dosp\u011bl\u00ed<\/td><td>400 K\u010d<\/td><td>350 K\u010d<\/td><\/tr><tr><td><\/td><td><\/td><td><\/td><\/tr><tr><td><\/td><td><\/td><td><\/td><\/tr><\/tbody><\/table><\/figure>\n\n\n\n<p>P\u0159i dlouhodob\u011bj\u0161\u00edm ubytov\u00e1n\u00ed je mo\u017eno domluvit i sn\u00ed\u017een\u00ed ceny!<\/p>\n\n\n\n<p><\/p>\n\n\n\n<figure class=\"wp-block-gallery has-nested-images columns-default is-cropped wp-block-gallery-1 is-layout-flex wp-block-gallery-is-layout-flex\">\n<figure class=\"wp-block-image size-large\"><img loading=\"lazy\" decoding=\"async\" width=\"664\" height=\"1000\" data-id=\"195\" src=\"https:\/\/sokolhorepnik.cz\/wp-content\/uploads\/2019\/02\/PB229869.jpg\" alt=\"\" class=\"wp-image-195\" srcset=\"https:\/\/sokolhorepnik.cz\/wp-content\/uploads\/2019\/02\/PB229869.jpg 664w, https:\/\/sokolhorepnik.cz\/wp-content\/uploads\/2019\/02\/PB229869-199x300.jpg 199w, https:\/\/sokolhorepnik.cz\/wp-content\/uploads\/2019\/02\/PB229869-179x270.jpg 179w\" sizes=\"auto, (max-width: 664px) 100vw, 664px\" \/><figcaption class=\"wp-element-caption\">OLYMPUS DIGITAL CAMERA<\/figcaption><\/figure>\n\n\n\n<figure class=\"wp-block-image size-large\"><img loading=\"lazy\" decoding=\"async\" width=\"664\" height=\"1000\" data-id=\"196\" src=\"https:\/\/sokolhorepnik.cz\/wp-content\/uploads\/2019\/02\/PB229870.jpg\" alt=\"\" class=\"wp-image-196\" srcset=\"https:\/\/sokolhorepnik.cz\/wp-content\/uploads\/2019\/02\/PB229870.jpg 664w, https:\/\/sokolhorepnik.cz\/wp-content\/uploads\/2019\/02\/PB229870-199x300.jpg 199w, https:\/\/sokolhorepnik.cz\/wp-content\/uploads\/2019\/02\/PB229870-179x270.jpg 179w\" sizes=\"auto, (max-width: 664px) 100vw, 664px\" \/><figcaption class=\"wp-element-caption\">OLYMPUS DIGITAL CAMERA<\/figcaption><\/figure>\n\n\n\n<figure class=\"wp-block-image size-large\"><img loading=\"lazy\" decoding=\"async\" width=\"1000\" height=\"718\" data-id=\"197\" src=\"https:\/\/sokolhorepnik.cz\/wp-content\/uploads\/2019\/02\/PB229871.jpg\" alt=\"\" class=\"wp-image-197\" srcset=\"https:\/\/sokolhorepnik.cz\/wp-content\/uploads\/2019\/02\/PB229871.jpg 1000w, https:\/\/sokolhorepnik.cz\/wp-content\/uploads\/2019\/02\/PB229871-300x215.jpg 300w, https:\/\/sokolhorepnik.cz\/wp-content\/uploads\/2019\/02\/PB229871-768x551.jpg 768w, https:\/\/sokolhorepnik.cz\/wp-content\/uploads\/2019\/02\/PB229871-360x258.jpg 360w\" sizes=\"auto, (max-width: 1000px) 100vw, 1000px\" \/><figcaption class=\"wp-element-caption\">OLYMPUS DIGITAL CAMERA<\/figcaption><\/figure>\n\n\n\n<figure class=\"wp-block-image size-large\"><img loading=\"lazy\" decoding=\"async\" width=\"1000\" height=\"674\" data-id=\"198\" src=\"https:\/\/sokolhorepnik.cz\/wp-content\/uploads\/2019\/02\/PB229873.jpg\" alt=\"\" class=\"wp-image-198\" srcset=\"https:\/\/sokolhorepnik.cz\/wp-content\/uploads\/2019\/02\/PB229873.jpg 1000w, https:\/\/sokolhorepnik.cz\/wp-content\/uploads\/2019\/02\/PB229873-300x202.jpg 300w, https:\/\/sokolhorepnik.cz\/wp-content\/uploads\/2019\/02\/PB229873-768x518.jpg 768w, https:\/\/sokolhorepnik.cz\/wp-content\/uploads\/2019\/02\/PB229873-360x243.jpg 360w\" sizes=\"auto, (max-width: 1000px) 100vw, 1000px\" \/><figcaption class=\"wp-element-caption\">OLYMPUS DIGITAL CAMERA<\/figcaption><\/figure>\n\n\n\n<figure class=\"wp-block-image size-large\"><img loading=\"lazy\" decoding=\"async\" width=\"664\" height=\"1000\" data-id=\"199\" src=\"https:\/\/sokolhorepnik.cz\/wp-content\/uploads\/2019\/02\/PB229874.jpg\" alt=\"\" class=\"wp-image-199\" srcset=\"https:\/\/sokolhorepnik.cz\/wp-content\/uploads\/2019\/02\/PB229874.jpg 664w, https:\/\/sokolhorepnik.cz\/wp-content\/uploads\/2019\/02\/PB229874-199x300.jpg 199w, https:\/\/sokolhorepnik.cz\/wp-content\/uploads\/2019\/02\/PB229874-179x270.jpg 179w\" sizes=\"auto, (max-width: 664px) 100vw, 664px\" \/><figcaption class=\"wp-element-caption\">OLYMPUS DIGITAL CAMERA<\/figcaption><\/figure>\n\n\n\n<figure class=\"wp-block-image size-large\"><img loading=\"lazy\" decoding=\"async\" width=\"670\" height=\"1000\" data-id=\"200\" src=\"https:\/\/sokolhorepnik.cz\/wp-content\/uploads\/2019\/02\/PB229876.jpg\" alt=\"\" class=\"wp-image-200\" srcset=\"https:\/\/sokolhorepnik.cz\/wp-content\/uploads\/2019\/02\/PB229876.jpg 670w, https:\/\/sokolhorepnik.cz\/wp-content\/uploads\/2019\/02\/PB229876-201x300.jpg 201w, https:\/\/sokolhorepnik.cz\/wp-content\/uploads\/2019\/02\/PB229876-181x270.jpg 181w\" sizes=\"auto, (max-width: 670px) 100vw, 670px\" \/><figcaption class=\"wp-element-caption\">OLYMPUS DIGITAL CAMERA<\/figcaption><\/figure>\n<\/figure>\n","protected":false},"excerpt":{"rendered":"<p>Nab\u00edz\u00edme v\u0161em z\u00e1jemc\u016fm celoro\u010dn\u00ed ubytov\u00e1n\u00ed na Vyso\u010din\u011b ve dvou \u010dty\u0159l\u016f\u017ekov\u00fdch apartm\u00e1nech v rekonstruovan\u00e9m sportovn\u00edm objektu. Ka\u017ed\u00fd apartm\u00e1n se skl\u00e1d\u00e1 ze dvou dvoul\u016f\u017ekov\u00fdch pokoj\u016f: na jednom z nich je kuchy\u0148sk\u00fd kout (mikrovlnka, rychlovarn\u00e1 konvice, ledni\u010dka, dvouva\u0159i\u010d, b\u011b\u017en\u00e9 n\u00e1dob\u00ed). Sou\u010d\u00e1st\u00ed ka\u017ed\u00e9ho apartm\u00e1nu <a href=\"https:\/\/sokolhorepnik.cz\/index.php\/ubytovani\/\" class=\"read-more\">Read More &#8230;<\/a><\/p>\n","protected":false},"author":1,"featured_media":0,"parent":0,"menu_order":0,"comment_status":"closed","ping_status":"closed","template":"","meta":{"_bbp_topic_count":0,"_bbp_reply_count":0,"_bbp_total_topic_count":0,"_bbp_total_reply_count":0,"_bbp_voice_count":0,"_bbp_anonymous_reply_count":0,"_bbp_topic_count_hidden":0,"_bbp_reply_count_hidden":0,"_bbp_forum_subforum_count":0,"ngg_post_thumbnail":0,"footnotes":""},"class_list":["post-46","page","type-page","status-publish","hentry"],"_links":{"self":[{"href":"https:\/\/sokolhorepnik.cz\/index.php\/wp-json\/wp\/v2\/pages\/46","targetHints":{"allow":["GET"]}}],"collection":[{"href":"https:\/\/sokolhorepnik.cz\/index.php\/wp-json\/wp\/v2\/pages"}],"about":[{"href":"https:\/\/sokolhorepnik.cz\/index.php\/wp-json\/wp\/v2\/types\/page"}],"author":[{"embeddable":true,"href":"https:\/\/sokolhorepnik.cz\/index.php\/wp-json\/wp\/v2\/users\/1"}],"replies":[{"embeddable":true,"href":"https:\/\/sokolhorepnik.cz\/index.php\/wp-json\/wp\/v2\/comments?post=46"}],"version-history":[{"count":13,"href":"https:\/\/sokolhorepnik.cz\/index.php\/wp-json\/wp\/v2\/pages\/46\/revisions"}],"predecessor-version":[{"id":822,"href":"https:\/\/sokolhorepnik.cz\/index.php\/wp-json\/wp\/v2\/pages\/46\/revisions\/822"}],"wp:attachment":[{"href":"https:\/\/sokolhorepnik.cz\/index.php\/wp-json\/wp\/v2\/media?parent=46"}],"curies":[{"name":"wp","href":"https:\/\/api.w.org\/{rel}","templated":true}]}}